{"id":4,"date":"2022-06-29T22:53:49","date_gmt":"2022-06-30T01:53:49","guid":{"rendered":"http:\/\/www.yourpantry.com.br\/coworking\/one-page-express\/"},"modified":"2022-08-29T12:43:59","modified_gmt":"2022-08-29T15:43:59","slug":"one-page-express","status":"publish","type":"page","link":"https:\/\/www.yourpantry.com.br\/coworking\/","title":{"rendered":"Front Page"},"content":{"rendered":"<div  data-label=\"Overlapable\" data-id=\"stripped-coloured-icon-boxes\" data-category=\"overlapable\" class=\"features-coloured-icon-boxes-section stripped-coloured-icon-boxes\" data-overlap=\"true\" id=\"overlapable-2\" style=\"background-color: rgb(255, 255, 255);\"> <div  class=\"\"> <div  class=\"features-coloured-icon-boxes-innerrow flexbox-list dark-text\" data-type=\"row\"> <div  class=\"features-coloured-icon-boxes-featurecol cp3cols\"> <div  class=\"features-coloured-icon-boxes-iconcontainer\" data-content-item-container=\"true\"> <i  data-cp-fa=\"true\" class=\"features-coloured-icon fa fa-home\"><\/i> <\/div> <h4  class=\"\">Self Storage<\/h4> <p  class=\"\">\n<br >Espa\u00e7o para voc\u00ea guardar o que desejar, sem fiador, cau\u00e7\u00e3o e taxas adicionais. Somente voc\u00ea tem acesso aos boxes.<\/p> <a class=\"features-coloured-button\" href=\"http:\/\/www.yourpantry.com.br\/coworking\/www.yourpantry.com.br\" target=\"_blank\" rel=\"noopener\">Saiba mais<\/a> <\/div> <div  class=\"features-coloured-icon-boxes-featurecol cp3cols\"> <div  class=\"features-coloured-icon-boxes-iconcontainer\" data-content-item-container=\"true\"> <i  data-cp-fa=\"true\" class=\"features-coloured-icon fa fa-group\"><\/i> <\/div> <h4  class=\"\">Coworking<\/h4> <p  class=\"\">\n<br >Salas Privativas ou Compartilhadas para voc\u00ea ou sua equipe trabalharem sem se preocupar com mais nada. Os Planos incluem mob\u00edlia e Internet.<\/p> <a class=\"features-coloured-button\" href=\"http:\/\/www.yourpantry.com.br\/coworking\/coworking\" target=\"_self\" rel=\"noopener\">Saiba mais<\/a> <\/div> <div  class=\"features-coloured-icon-boxes-featurecol cp3cols\"> <div  class=\"features-coloured-icon-boxes-iconcontainer\" data-content-item-container=\"true\"> <i  data-cp-fa=\"true\" class=\"features-coloured-icon fa fa-book\"><\/i> <\/div> <h4  class=\"\">Endere\u00e7o Fiscal<\/h4> <p  class=\"\">O seu neg\u00f3cio deve come\u00e7ar organizado! Registre sua empresa em nosso endere\u00e7o e conte com as vantagens oferecidas. Planos para clientes e n\u00e3o clientes.<\/p> <a class=\"features-coloured-button\" href=\"http:\/\/www.yourpantry.com.br\/coworking\/endereco-fiscal\" target=\"_blank\" rel=\"noopener\">Saiba mais<\/a> <\/div> <div  class=\"features-coloured-icon-boxes-featurecol cp3cols\"> <div  class=\"features-coloured-icon-boxes-iconcontainer\" data-content-item-container=\"true\"> <i  data-cp-fa=\"true\" class=\"features-coloured-icon fa fa-pie-chart\"><\/i> <\/div> <h4  class=\"\">Sem burocracia<\/h4> <p  class=\"\">N\u00e3o \u00e9 necess\u00e1rio pagamento de cau\u00e7\u00e3o, nem fiador ou  taxas como condom\u00ednio, IPTU, energia el\u00e9trica e \u00e1gua. N\u00f3s ajudamos a enxugar os custos do seu neg\u00f3cio<\/p> <a class=\"features-coloured-button\" href=\"#contato\" target=\"_self\" rel=\"noopener\">Entre em contato<\/a> <\/div> <\/div> <\/div><\/div><div  id=\"about-1\" class=\"about-big-images-section\" style=\"background-color: #f6f6f6;\" data-label=\"About\" data-id=\"about-big-images-section\" data-category=\"about\">\n<div  class=\"\">\n<div  class=\"about-big-images-textrow\">\n<div  class=\"about-big-images-textcol dynamic-color\" data-type=\"column\">\n<h5  class=\"\">Conte com nossas solu\u00e7\u00f5es para tornar seu neg\u00f3cio mais competitivo<\/h5>\n<h3  class=\"\">Salas Privativas ou Compartilhadas<span  style=\"font-family: Playfair Display, sans-serif;\"><span  style=\"font-weight: 400;\"><i >, <\/i><\/span><\/span>Salas de Reuni\u00e3o, Endere\u00e7o Fiscal e Estoque<\/h3>\nTudo em um s\u00f3 lugar\n<p  class=\"\">Conhe\u00e7a nossos&nbsp; Planos e Vantagens<\/p>\nEncontre a op\u00e7\u00e3o mais adequada para o seu neg\u00f3cio\n\n\n\n<div  class=\"spacer\" data-type=\"group\"><span  class=\"fa before\"><\/span><i  class=\"fa fa-bandcamp\"><\/i><span  class=\"fa after\"><\/span><\/div><a class=\"button blue\" href=\"https:\/\/api.whatsapp.com\/send?phone=554130336199&amp;text=Ol%C3%A1%20preciso%20de%20algumas%20informa%C3%A7%C3%B5es%20sobre%20os%20servi%C3%A7os%20de%20cowork\" target=\"_self\" rel=\"noopener\">Fale conosco<\/a><\/div>\n<\/div>\n<\/div>\n<div  class=\"about-big-images-bottomrow\">\n<div  class=\"about-big-images-leftimgcol\"><img  class=\"about-big-images-leftimg\" src=\"http:\/\/www.yourpantry.com.br\/coworking\/wp-content\/uploads\/sites\/3\/2022\/07\/sl1.jpg\" alt=\"\"><\/div>\n<div  class=\"about-big-images-centerimgcol\"><img  class=\"about-big-images-centerimg\" src=\"http:\/\/www.yourpantry.com.br\/coworking\/wp-content\/uploads\/sites\/3\/2022\/07\/sl2.jpg\" alt=\"\"><\/div>\n<div  class=\"about-big-images-rightimgcol\"><img  class=\"about-big-images-rightimg\" src=\"http:\/\/www.yourpantry.com.br\/coworking\/wp-content\/uploads\/sites\/3\/2022\/07\/sl3-1.jpg\" alt=\"\"><\/div>\n<\/div>\n<\/div><div  id=\"content-3\" class=\"content-left-image-section\" style=\"background-color: #ffffff;\" data-label=\"Content\" data-id=\"content-image-left\" data-category=\"content\">\n<div  class=\"gridContainer\">\n<div  class=\"row\">\n<div  class=\"content-left-image-imgcol\" data-type=\"column\"><img  class=\"\" src=\"http:\/\/www.yourpantry.com.br\/coworking\/wp-content\/uploads\/sites\/3\/2022\/07\/9c7d1554-9bf9-4ff2-8676-5b854b1d5579.jpg\" alt=\"\"><\/div>\n<div  class=\"content-left-image-textcol dynamic-color\" data-type=\"column\">\n<h2  class=\"\">Espa\u00e7o inovador<\/h2>\n<p  class=\"large_text\">Todas as salas contam com mesa, cadeira, gaveteiro ou arm\u00e1rio.<\/p>\nTudo em um espa\u00e7o inovador e integrado\n<div  class=\"spacer\" data-type=\"group\"><\/div>\n<div  class=\"spacer\" data-type=\"group\"><span  class=\"fa before\"><\/span><i  class=\"fa fa-angle-double-down\"><\/i><span  class=\"fa after\"><\/span><\/div><a class=\"button blue\" href=\"http:\/\/www.yourpantry.com.br\/coworking\/galeria\" target=\"_self\" rel=\"noopener\"> Conhe\u00e7a o espa\u00e7o <\/a>\n\n<\/div>\n<\/div>\n<\/div>\n<\/div><div  id=\"content-4\" class=\"content-right-image-section\" style=\"background-color: #f6f6f6;\" data-label=\"Content\" data-id=\"content-image-right\" data-category=\"content\">\n<div  class=\"gridContainer\">\n<div  class=\"content-right-image-gridcol\">\n<div  class=\"content-right-image-textcol dynamic-color\" data-type=\"column\">\n<h2  class=\"\">Espa\u00e7o amplo conjugado ao self storage<\/h2>\n<div  class=\"spacer\" data-type=\"group\"><\/div>\n<p  class=\"large_text\">Todos as salas ficam a poucos metros dos boxes de Self Storage.<\/p>\nSe voc\u00ea precisa ter acesso ao estoque dos seus produtos, arquivos ou qualquer outro tipo de armazenagem, a Your Pantry \u00e9 o local ideal.\n<div  class=\"spacer\" data-type=\"group\"><\/div>\n<div  class=\"spacer\" data-type=\"group\"><span  class=\"fa before\"><\/span><i  class=\"fa fa-arrow-down\"><\/i><span  class=\"fa after\"><\/span><\/div><a class=\"button blue\" href=\"https:\/\/api.whatsapp.com\/send?phone=554130336199&amp;%3Btext=Ol%C3%A1%20preciso%20de%20algumas%20informa%C3%A7%C3%B5es%20sobre%20os%20servi%C3%A7os%20de%20self%20storage\" target=\"_blank\" rel=\"noopener\"> Mande uma mensagem <\/a>\n\n<\/div>\n<div  class=\"content-right-image-imgcol\" data-type=\"column\"><img  class=\"\" src=\"http:\/\/www.yourpantry.com.br\/coworking\/wp-content\/uploads\/sites\/3\/2022\/07\/2e730e0a-c893-461b-9e92-a35b73759e7c.jpg\" alt=\"\"><\/div>\n<\/div>\n<\/div>\n<\/div><div  id=\"portfolio-2\" style=\"background-color: #f6f6f6;\" data-label=\"Portfolio\" data-id=\"portfolio-full-section\" data-category=\"portfolio\">\n<div  class=\"portfolio-full-section\" data-type=\"row\">\n<div  class=\"portfolio-full-projectco cp4cols cp4cols-tablet\">\n<div  id=\"ContentSwap103\" class=\"contentswap-effect ContentSwap103\">\n<div  class=\"ContentSwap103_content initial-image\"><img  class=\"portfolio-full-projectimg\" src=\"http:\/\/www.yourpantry.com.br\/coworking\/wp-content\/uploads\/sites\/3\/2022\/07\/cowomen-XC1Ccohy8P0-unsplash.jpg\" data-size=\"1200x800\"><\/div>\n<div  class=\"overlay\" style=\"display: block; opacity: 1;\"><\/div>\n<div  class=\"swap-inner\" style=\"opacity: 1; display: block;\">\n<div  class=\"ContentSwap103-center\">\n<h4  class=\"protfolio-full-itemtitle\">Otimize seu neg\u00f3cio<\/h4>\n<a class=\"button yellow\" href=\"http:\/\/www.yourpantry.com.br\/coworking\/coworking\" target=\"_self\" rel=\"noopener\">Saiba Mais<\/a>\n\n<\/div>\n<\/div>\n<\/div>\n<\/div>\n<div  class=\"portfolio-full-projectco cp4cols cp4cols-tablet\">\n<div  id=\"ContentSwap103\" class=\"contentswap-effect ContentSwap103\">\n<div  class=\"ContentSwap103_content initial-image\"><img  class=\"portfolio-full-projectimg\" src=\"http:\/\/www.yourpantry.com.br\/coworking\/wp-content\/uploads\/sites\/3\/2022\/07\/patrick-perkins-ETRPjvb0KM0-unsplash.jpg\" data-size=\"1200x800\"><\/div>\n<div  class=\"overlay\" style=\"display: block; opacity: 1;\"><\/div>\n<div  class=\"swap-inner\" style=\"opacity: 1; display: block;\">\n<div  class=\"ContentSwap103-center\">\n<h4  class=\"protfolio-full-itemtitle\">Inove, n\u00f3s temos a solu\u00e7\u00e3o<\/h4>\n<a class=\"button yellow\" href=\"http:\/\/www.yourpantry.com.br\/coworking\/galeria\" target=\"_self\" rel=\"noopener\">CONFIRA NOSSAS SALAS<\/a>\n\n<\/div>\n<\/div>\n<\/div>\n<\/div>\n<div  class=\"portfolio-full-projectco cp4cols cp4cols-tablet\">\n<div  id=\"ContentSwap103\" class=\"contentswap-effect ContentSwap103\">\n<div  class=\"ContentSwap103_content initial-image\"><img  class=\"portfolio-full-projectimg\" src=\"http:\/\/www.yourpantry.com.br\/coworking\/wp-content\/uploads\/sites\/3\/2022\/07\/kenny-eliason-IhsaTDKzdwg-unsplash.jpg\" data-size=\"1200x800\"><\/div>\n<div  class=\"overlay\" style=\"display: block; opacity: 1;\"><\/div>\n<div  class=\"swap-inner\" style=\"opacity: 1; display: block;\">\n<div  class=\"ContentSwap103-center\">\n<h4  class=\"protfolio-full-itemtitle\">Reduza Custos<\/h4>\n<a class=\"button yellow\" href=\"https:\/\/api.whatsapp.com\/send?phone=554130336199\" target=\"_blank\" rel=\"noopener\">Fale Conosco<\/a>\n\n<\/div>\n<\/div>\n<\/div>\n<\/div>\n<\/div>\n<\/div><div  id=\"cta-1\" class=\"cta-blue-section\" data-label=\"Call to action\" data-id=\"cta-blue-section\" data-category=\"cta\">\n<div  class=\"gridContainer\">\n<div  class=\"flexbox-list flexbox-list-align-center row\">\n<div  class=\"cta-blue-textcol dynamic-color\">\n<h2  class=\"cta-blue-text\"><b  class=\"element2\"> Tenha seu espa\u00e7o. <\/b>Leva apenas um minuto, \u00e9 simples e pr\u00e1tico<\/h2>\n<\/div>\n<div  class=\"cta-blue-btncol\"><a class=\"button big yellow dark-text\" href=\"#contato\" target=\"_self\" rel=\"noopener\"> CONTATO <\/a><\/div>\n<\/div>\n<\/div>\n<\/div><div  id=\"numbers\" class=\"numbers-section\" style=\"background-image: none; background-size: auto 332px; background-repeat: no-repeat; background-position: center top 77.5693%;\" data-label=\"Numbers\" data-id=\"numbers-section\" data-category=\"numbers\" data-bg=\"transparent\" data-parallax-depth=\"20\">\n<div  class=\"gridContainer dynamic-color\">\n<div  class=\"numbers-itemcol\">\n<h2  class=\"numbers-numbertext\">152<\/h2>\n<h3  class=\"numbers-titletext\">Box Self Storage<\/h3>\n<\/div>\n<div  class=\"numbers-itemcol\">\n<h2  class=\"numbers-numbertext\">11<\/h2>\n<h3  class=\"numbers-titletext\">Postos Coworking<\/h3>\n<\/div>\n<div  class=\"numbers-itemcol-last\">\n<h2  class=\"numbers-numbertext\">infinitas<\/h2>\n<h3  class=\"numbers-titletext\">Possibilidades<\/h3>\n<\/div>\n<\/div>\n<\/div><div  id=\"contato\" class=\"contact-section-formsection white-text\" style=\"background-image: none; background-size: auto 996.482px; background-repeat: no-repeat; background-position: center top 74.1504%;\" data-label=\"Contato\" data-id=\"contact-section\" data-category=\"contact\" data-bg=\"transparent\">\n<div  class=\"\">\n<div  class=\"row_224\">\n<div  class=\"contact-textrow\">\n<div  class=\"contact-textcol dynamic-color\">\n<h2  class=\"\">Quer saber mais?<\/h2>\n<p  class=\"white_text\">Entre m contato conosco e tire todas as suas d\u00favidas, se preferir pode usar qualquer um dos nossos canais<\/p>\n\n<\/div>\n<\/div>\n<\/div>\n<div  class=\"contact-formcol\" data-content-shortcode=\"one_page_express_contact_form shortcode=&quot;contact-form-7 id=&amp;amp;quot;32&amp;amp;quot; title=&amp;amp;quot;Contato Cowork&amp;amp;quot;&quot;\" data-editable=\"true\"><div role=\"form\" class=\"wpcf7\" id=\"wpcf7-f32-o1\" lang=\"pt-BR\" dir=\"ltr\">\n<div class=\"screen-reader-response\"><p role=\"status\" aria-live=\"polite\" aria-atomic=\"true\"><\/p> <ul><\/ul><\/div>\n<form action=\"\/coworking\/wp-json\/wp\/v2\/pages\/4#wpcf7-f32-o1\" method=\"post\" class=\"wpcf7-form init\" novalidate=\"novalidate\" data-status=\"init\">\n<div style=\"display: none;\">\n<input type=\"hidden\" name=\"_wpcf7\" value=\"32\" \/>\n<input type=\"hidden\" name=\"_wpcf7_version\" value=\"5.4.2\" \/>\n<input type=\"hidden\" name=\"_wpcf7_locale\" value=\"pt_BR\" \/>\n<input type=\"hidden\" name=\"_wpcf7_unit_tag\" value=\"wpcf7-f32-o1\" \/>\n<input type=\"hidden\" name=\"_wpcf7_container_post\" value=\"0\" \/>\n<input type=\"hidden\" name=\"_wpcf7_posted_data_hash\" value=\"\" \/>\n<input type=\"hidden\" name=\"_wpcf7_recaptcha_response\" value=\"\" \/>\n<\/div>\n<p><label> Seu nome<br \/>\n    <span class=\"wpcf7-form-control-wrap your-name\"><input type=\"text\" name=\"your-name\" value=\"\" size=\"40\" class=\"wpcf7-form-control wpcf7-text wpcf7-validates-as-required\" aria-required=\"true\" aria-invalid=\"false\" \/><\/span> <\/label><\/p>\n<p><label> Seu e-mail<br \/>\n    <span class=\"wpcf7-form-control-wrap your-email\"><input type=\"email\" name=\"your-email\" value=\"\" size=\"40\" class=\"wpcf7-form-control wpcf7-text wpcf7-email wpcf7-validates-as-required wpcf7-validates-as-email\" aria-required=\"true\" aria-invalid=\"false\" \/><\/span> <\/label><\/p>\n<p><label> Assunto<br \/>\n    <span class=\"wpcf7-form-control-wrap your-subject\"><input type=\"text\" name=\"your-subject\" value=\"\" size=\"40\" class=\"wpcf7-form-control wpcf7-text wpcf7-validates-as-required\" aria-required=\"true\" aria-invalid=\"false\" \/><\/span> <\/label><\/p>\n<p><label> Sua mensagem (opcional)<br \/>\n    <span class=\"wpcf7-form-control-wrap your-message\"><textarea name=\"your-message\" cols=\"40\" rows=\"10\" class=\"wpcf7-form-control wpcf7-textarea\" aria-invalid=\"false\"><\/textarea><\/span> <\/label><\/p>\n<p style=\"color: #ffffff;\" ><input type=\"submit\" value=\"Enviar\" class=\"wpcf7-form-control wpcf7-submit wp-block-button__link\" \/><\/p>\n<p style=\"display: none !important;\" class=\"akismet-fields-container\" data-prefix=\"_wpcf7_ak_\"><label>&#916;<textarea name=\"_wpcf7_ak_hp_textarea\" cols=\"45\" rows=\"8\" maxlength=\"100\"><\/textarea><\/label><input type=\"hidden\" id=\"ak_js_1\" name=\"_wpcf7_ak_js\" value=\"3\"\/><script type=\"text\/javascript\">\ndocument.getElementById( \"ak_js_1\" ).setAttribute( \"value\", ( new Date() ).getTime() );\n<\/script>\n<\/p><div class=\"wpcf7-response-output\" aria-hidden=\"true\"><\/div><\/form><\/div><\/div>\n<\/div>\n<\/div>","protected":false},"excerpt":{"rendered":"<p>Self Storage Espa\u00e7o para voc\u00ea guardar o que desejar, sem fiador, cau\u00e7\u00e3o e taxas adicionais. Somente voc\u00ea tem acesso aos boxes. Saiba mais Coworking Salas Privativas ou Compartilhadas para voc\u00ea ou sua equipe trabalharem sem se preocupar com mais nada. Os Planos incluem mob\u00edlia e Internet. Saiba mais Endere\u00e7o Fiscal O seu neg\u00f3cio deve come\u00e7ar&hellip; <br \/> <a class=\"button small blue\" href=\"https:\/\/www.yourpantry.com.br\/coworking\/2022\/06\/29\/ola-mundo\/\">Leia mais<\/a><\/p>\n","protected":false},"author":1,"featured_media":0,"parent":0,"menu_order":0,"comment_status":"closed","ping_status":"closed","template":"","meta":{"_mi_skip_tracking":false,"_monsterinsights_sitenote_active":false,"_monsterinsights_sitenote_note":"","_monsterinsights_sitenote_category":0},"_links":{"self":[{"href":"https:\/\/www.yourpantry.com.br\/coworking\/wp-json\/wp\/v2\/pages\/4"}],"collection":[{"href":"https:\/\/www.yourpantry.com.br\/coworking\/wp-json\/wp\/v2\/pages"}],"about":[{"href":"https:\/\/www.yourpantry.com.br\/coworking\/wp-json\/wp\/v2\/types\/page"}],"author":[{"embeddable":true,"href":"https:\/\/www.yourpantry.com.br\/coworking\/wp-json\/wp\/v2\/users\/1"}],"replies":[{"embeddable":true,"href":"https:\/\/www.yourpantry.com.br\/coworking\/wp-json\/wp\/v2\/comments?post=4"}],"version-history":[{"count":20,"href":"https:\/\/www.yourpantry.com.br\/coworking\/wp-json\/wp\/v2\/pages\/4\/revisions"}],"predecessor-version":[{"id":100,"href":"https:\/\/www.yourpantry.com.br\/coworking\/wp-json\/wp\/v2\/pages\/4\/revisions\/100"}],"wp:attachment":[{"href":"https:\/\/www.yourpantry.com.br\/coworking\/wp-json\/wp\/v2\/media?parent=4"}],"curies":[{"name":"wp","href":"https:\/\/api.w.org\/{rel}","templated":true}]}}