{"id":43,"date":"2022-07-19T14:06:28","date_gmt":"2022-07-19T17:06:28","guid":{"rendered":"http:\/\/www.yourpantry.com.br\/coworking\/?page_id=43"},"modified":"2022-07-19T14:14:25","modified_gmt":"2022-07-19T17:14:25","slug":"endereco-fiscal","status":"publish","type":"page","link":"https:\/\/www.yourpantry.com.br\/coworking\/endereco-fiscal\/","title":{"rendered":"Endere\u00e7o Fiscal"},"content":{"rendered":"\n<h3><strong>O que \u00e9 domic\u00edlio fiscal?<\/strong><\/h3>\n\n\n\n<p>As empresas t\u00eam na sua sede o domic\u00edlio fiscal,&nbsp;por isso na abertura da empresa \u00e9 preciso informar um endere\u00e7o,&nbsp;e este ser\u00e1 seu endere\u00e7o de refer\u00eancia para a tributa\u00e7\u00e3o e outras exig\u00eancias legais,&nbsp;como recebimento correspond\u00eancias.<\/p>\n\n\n\n<h3><strong>Qual a diferen\u00e7a entre o endere\u00e7o fiscal e o comercial?<\/strong><\/h3>\n\n\n\n<p>Quem faz neg\u00f3cios com voc\u00ea quer saber onde fica a empresa,&nbsp;e muitas vezes um endere\u00e7o de prest\u00edgio ajuda a alavancar o neg\u00f3cio, no entanto, nem sempre o endere\u00e7o comercial \u00e9 mais interessante do ponto de vista tribut\u00e1rio ou como referencial postal. Assim,&nbsp;o endere\u00e7o fiscal da empresa importa mesmo \u00e9 para a regulariza\u00e7\u00e3o do neg\u00f3cio e contato com os \u00f3rg\u00e3os tribut\u00e1rios e de fiscaliza\u00e7\u00e3o.&nbsp;Se este endere\u00e7o for seu domic\u00edlio fiscal,&nbsp;voc\u00ea ter\u00e1 de mudar toda a documenta\u00e7\u00e3o durante esta opera\u00e7\u00e3o \u2013 o que pode trazer mais dificuldades quando for fazer mudan\u00e7a de ponto ou se for um e-commerce.<\/p>\n\n\n\n<h3><strong>Como funciona um servi\u00e7o de endere\u00e7o ou domic\u00edlio fiscal?<\/strong><\/h3>\n\n\n\n<p>Com a modernidade dos \u00faltimos tempos \u2013 com escrit\u00f3rios de coworking,&nbsp;pessoas que atendem clientes em caf\u00e9s,&nbsp;home office,&nbsp;entre outras coisas \u2013 apareceu tamb\u00e9m um servi\u00e7o de loca\u00e7\u00e3o de endere\u00e7o fiscal.<\/p>\n\n\n\n<h2><strong>Quais as vantagens de usar um endere\u00e7o fiscal?<\/strong><\/h2>\n\n\n\n<p>A principal vantagem de contratar um servi\u00e7o de domic\u00edlio fiscal \u00e9 poder contar com o endere\u00e7o,&nbsp;sem se preocupar com o cumprimento de todas as exig\u00eancias legais para emiss\u00e3o do CNPJ ou do alvar\u00e1 de funcionamento, assim voc\u00ea n\u00e3o precisa se preocupar com com as exig\u00eancias da Prefeitura Municipal usando o endere\u00e7o fiscal da Your Pantry. <\/p>\n\n\n\n<p>Quer saber mais? entre em contato<\/p>\n\n\n\n<div class=\"wp-block-contact-form-7-contact-form-selector\"><div role=\"form\" class=\"wpcf7\" id=\"wpcf7-f49-o1\" lang=\"pt-BR\" dir=\"ltr\">\n<div class=\"screen-reader-response\"><p role=\"status\" aria-live=\"polite\" aria-atomic=\"true\"><\/p> <ul><\/ul><\/div>\n<form action=\"\/coworking\/wp-json\/wp\/v2\/pages\/43#wpcf7-f49-o1\" method=\"post\" class=\"wpcf7-form init\" novalidate=\"novalidate\" data-status=\"init\">\n<div style=\"display: none;\">\n<input type=\"hidden\" name=\"_wpcf7\" value=\"49\" \/>\n<input type=\"hidden\" name=\"_wpcf7_version\" value=\"5.4.2\" \/>\n<input type=\"hidden\" name=\"_wpcf7_locale\" value=\"pt_BR\" \/>\n<input type=\"hidden\" name=\"_wpcf7_unit_tag\" value=\"wpcf7-f49-o1\" \/>\n<input type=\"hidden\" name=\"_wpcf7_container_post\" value=\"0\" \/>\n<input type=\"hidden\" name=\"_wpcf7_posted_data_hash\" value=\"\" \/>\n<input type=\"hidden\" name=\"_wpcf7_recaptcha_response\" value=\"\" \/>\n<\/div>\n<p><label> Seu nome<br \/>\n    <span class=\"wpcf7-form-control-wrap your-name\"><input type=\"text\" name=\"your-name\" value=\"\" size=\"40\" class=\"wpcf7-form-control wpcf7-text wpcf7-validates-as-required\" aria-required=\"true\" aria-invalid=\"false\" \/><\/span> <\/label><\/p>\n<p><label> Seu e-mail<br \/>\n    <span class=\"wpcf7-form-control-wrap your-email\"><input type=\"email\" name=\"your-email\" value=\"\" size=\"40\" class=\"wpcf7-form-control wpcf7-text wpcf7-email wpcf7-validates-as-required wpcf7-validates-as-email\" aria-required=\"true\" aria-invalid=\"false\" \/><\/span> <\/label><\/p>\n<p><label> Assunto<br \/>\n    <span class=\"wpcf7-form-control-wrap your-subject\"><input type=\"text\" name=\"your-subject\" value=\"\" size=\"40\" class=\"wpcf7-form-control wpcf7-text wpcf7-validates-as-required\" aria-required=\"true\" aria-invalid=\"false\" \/><\/span> <\/label><\/p>\n<p><label> Sua mensagem (opcional)<br \/>\n    <span class=\"wpcf7-form-control-wrap your-message\"><textarea name=\"your-message\" cols=\"40\" rows=\"10\" class=\"wpcf7-form-control wpcf7-textarea\" aria-invalid=\"false\"><\/textarea><\/span> <\/label><\/p>\n<p style=\"color: #ffffff;\" ><input type=\"submit\" value=\"Enviar\" class=\"wpcf7-form-control wpcf7-submit wp-block-button__link\" \/><\/p>\n<p style=\"display: none !important;\" class=\"akismet-fields-container\" data-prefix=\"_wpcf7_ak_\"><label>&#916;<textarea name=\"_wpcf7_ak_hp_textarea\" cols=\"45\" rows=\"8\" maxlength=\"100\"><\/textarea><\/label><input type=\"hidden\" id=\"ak_js_1\" name=\"_wpcf7_ak_js\" value=\"127\"\/><script type=\"text\/javascript\">\ndocument.getElementById( \"ak_js_1\" ).setAttribute( \"value\", ( new Date() ).getTime() );\n<\/script>\n<\/p><div class=\"wpcf7-response-output\" aria-hidden=\"true\"><\/div><\/form><\/div><\/div>\n","protected":false},"excerpt":{"rendered":"<p>O que \u00e9 domic\u00edlio fiscal? As empresas t\u00eam na sua sede o domic\u00edlio fiscal,&nbsp;por isso na abertura da empresa \u00e9 preciso informar um endere\u00e7o,&nbsp;e este ser\u00e1 seu endere\u00e7o de refer\u00eancia para a tributa\u00e7\u00e3o e outras exig\u00eancias legais,&nbsp;como recebimento correspond\u00eancias. Qual a diferen\u00e7a entre o endere\u00e7o fiscal e o comercial? Quem faz neg\u00f3cios com voc\u00ea quer&hellip; <br \/> <a class=\"button small blue\" href=\"https:\/\/www.yourpantry.com.br\/coworking\/endereco-fiscal\/\">Leia mais<\/a><\/p>\n","protected":false},"author":1,"featured_media":0,"parent":0,"menu_order":0,"comment_status":"closed","ping_status":"closed","template":"","meta":{"_mi_skip_tracking":false,"_monsterinsights_sitenote_active":false,"_monsterinsights_sitenote_note":"","_monsterinsights_sitenote_category":0},"_links":{"self":[{"href":"https:\/\/www.yourpantry.com.br\/coworking\/wp-json\/wp\/v2\/pages\/43"}],"collection":[{"href":"https:\/\/www.yourpantry.com.br\/coworking\/wp-json\/wp\/v2\/pages"}],"about":[{"href":"https:\/\/www.yourpantry.com.br\/coworking\/wp-json\/wp\/v2\/types\/page"}],"author":[{"embeddable":true,"href":"https:\/\/www.yourpantry.com.br\/coworking\/wp-json\/wp\/v2\/users\/1"}],"replies":[{"embeddable":true,"href":"https:\/\/www.yourpantry.com.br\/coworking\/wp-json\/wp\/v2\/comments?post=43"}],"version-history":[{"count":4,"href":"https:\/\/www.yourpantry.com.br\/coworking\/wp-json\/wp\/v2\/pages\/43\/revisions"}],"predecessor-version":[{"id":52,"href":"https:\/\/www.yourpantry.com.br\/coworking\/wp-json\/wp\/v2\/pages\/43\/revisions\/52"}],"wp:attachment":[{"href":"https:\/\/www.yourpantry.com.br\/coworking\/wp-json\/wp\/v2\/media?parent=43"}],"curies":[{"name":"wp","href":"https:\/\/api.w.org\/{rel}","templated":true}]}}