{"id":53,"date":"2022-07-19T14:24:41","date_gmt":"2022-07-19T17:24:41","guid":{"rendered":"http:\/\/www.yourpantry.com.br\/coworking\/?page_id=53"},"modified":"2022-07-19T14:24:41","modified_gmt":"2022-07-19T17:24:41","slug":"galeria","status":"publish","type":"page","link":"https:\/\/www.yourpantry.com.br\/coworking\/galeria\/","title":{"rendered":"Galeria"},"content":{"rendered":"\n<figure class=\"wp-container-2 wp-block-gallery-1 wp-block-gallery has-nested-images columns-default is-cropped\">\n<figure class=\"wp-block-image size-large\"><img loading=\"lazy\" width=\"1200\" height=\"1600\" data-id=\"29\"  src=\"http:\/\/www.yourpantry.com.br\/coworking\/wp-content\/uploads\/sites\/3\/2022\/07\/9c7d1554-9bf9-4ff2-8676-5b854b1d5579.jpg\" alt=\"\" class=\"wp-image-29\" srcset=\"https:\/\/www.yourpantry.com.br\/coworking\/wp-content\/uploads\/sites\/3\/2022\/07\/9c7d1554-9bf9-4ff2-8676-5b854b1d5579.jpg 1200w, https:\/\/www.yourpantry.com.br\/coworking\/wp-content\/uploads\/sites\/3\/2022\/07\/9c7d1554-9bf9-4ff2-8676-5b854b1d5579-225x300.jpg 225w, https:\/\/www.yourpantry.com.br\/coworking\/wp-content\/uploads\/sites\/3\/2022\/07\/9c7d1554-9bf9-4ff2-8676-5b854b1d5579-768x1024.jpg 768w, https:\/\/www.yourpantry.com.br\/coworking\/wp-content\/uploads\/sites\/3\/2022\/07\/9c7d1554-9bf9-4ff2-8676-5b854b1d5579-1152x1536.jpg 1152w, https:\/\/www.yourpantry.com.br\/coworking\/wp-content\/uploads\/sites\/3\/2022\/07\/9c7d1554-9bf9-4ff2-8676-5b854b1d5579-1024x1365.jpg 1024w, https:\/\/www.yourpantry.com.br\/coworking\/wp-content\/uploads\/sites\/3\/2022\/07\/9c7d1554-9bf9-4ff2-8676-5b854b1d5579-810x1080.jpg 810w\" sizes=\"(max-width: 1200px) 100vw, 1200px\" \/><\/figure>\n\n\n\n<figure class=\"wp-block-image size-large\"><img loading=\"lazy\" width=\"1200\" height=\"1600\" data-id=\"28\"  src=\"http:\/\/www.yourpantry.com.br\/coworking\/wp-content\/uploads\/sites\/3\/2022\/07\/2e730e0a-c893-461b-9e92-a35b73759e7c.jpg\" alt=\"\" class=\"wp-image-28\" srcset=\"https:\/\/www.yourpantry.com.br\/coworking\/wp-content\/uploads\/sites\/3\/2022\/07\/2e730e0a-c893-461b-9e92-a35b73759e7c.jpg 1200w, https:\/\/www.yourpantry.com.br\/coworking\/wp-content\/uploads\/sites\/3\/2022\/07\/2e730e0a-c893-461b-9e92-a35b73759e7c-225x300.jpg 225w, https:\/\/www.yourpantry.com.br\/coworking\/wp-content\/uploads\/sites\/3\/2022\/07\/2e730e0a-c893-461b-9e92-a35b73759e7c-768x1024.jpg 768w, https:\/\/www.yourpantry.com.br\/coworking\/wp-content\/uploads\/sites\/3\/2022\/07\/2e730e0a-c893-461b-9e92-a35b73759e7c-1152x1536.jpg 1152w, https:\/\/www.yourpantry.com.br\/coworking\/wp-content\/uploads\/sites\/3\/2022\/07\/2e730e0a-c893-461b-9e92-a35b73759e7c-1024x1365.jpg 1024w, https:\/\/www.yourpantry.com.br\/coworking\/wp-content\/uploads\/sites\/3\/2022\/07\/2e730e0a-c893-461b-9e92-a35b73759e7c-810x1080.jpg 810w\" sizes=\"(max-width: 1200px) 100vw, 1200px\" \/><\/figure>\n\n\n\n<figure class=\"wp-block-image size-large\"><img loading=\"lazy\" width=\"1200\" height=\"675\" data-id=\"27\"  src=\"http:\/\/www.yourpantry.com.br\/coworking\/wp-content\/uploads\/sites\/3\/2022\/07\/sl3-1.jpg\" alt=\"\" class=\"wp-image-27\" srcset=\"https:\/\/www.yourpantry.com.br\/coworking\/wp-content\/uploads\/sites\/3\/2022\/07\/sl3-1.jpg 1200w, https:\/\/www.yourpantry.com.br\/coworking\/wp-content\/uploads\/sites\/3\/2022\/07\/sl3-1-300x169.jpg 300w, https:\/\/www.yourpantry.com.br\/coworking\/wp-content\/uploads\/sites\/3\/2022\/07\/sl3-1-1024x576.jpg 1024w, https:\/\/www.yourpantry.com.br\/coworking\/wp-content\/uploads\/sites\/3\/2022\/07\/sl3-1-768x432.jpg 768w\" sizes=\"(max-width: 1200px) 100vw, 1200px\" \/><\/figure>\n\n\n\n<figure class=\"wp-block-image size-large\"><img loading=\"lazy\" width=\"1200\" height=\"675\" data-id=\"14\"  src=\"http:\/\/www.yourpantry.com.br\/coworking\/wp-content\/uploads\/sites\/3\/2022\/07\/sl3.jpg\" alt=\"\" class=\"wp-image-14\" srcset=\"https:\/\/www.yourpantry.com.br\/coworking\/wp-content\/uploads\/sites\/3\/2022\/07\/sl3.jpg 1200w, https:\/\/www.yourpantry.com.br\/coworking\/wp-content\/uploads\/sites\/3\/2022\/07\/sl3-300x169.jpg 300w, https:\/\/www.yourpantry.com.br\/coworking\/wp-content\/uploads\/sites\/3\/2022\/07\/sl3-1024x576.jpg 1024w, https:\/\/www.yourpantry.com.br\/coworking\/wp-content\/uploads\/sites\/3\/2022\/07\/sl3-768x432.jpg 768w\" sizes=\"(max-width: 1200px) 100vw, 1200px\" \/><\/figure>\n\n\n\n<figure class=\"wp-block-image size-large\"><img loading=\"lazy\" width=\"1200\" height=\"675\" data-id=\"11\"  src=\"http:\/\/www.yourpantry.com.br\/coworking\/wp-content\/uploads\/sites\/3\/2022\/07\/sl2.jpg\" alt=\"\" class=\"wp-image-11\" srcset=\"https:\/\/www.yourpantry.com.br\/coworking\/wp-content\/uploads\/sites\/3\/2022\/07\/sl2.jpg 1200w, https:\/\/www.yourpantry.com.br\/coworking\/wp-content\/uploads\/sites\/3\/2022\/07\/sl2-300x169.jpg 300w, https:\/\/www.yourpantry.com.br\/coworking\/wp-content\/uploads\/sites\/3\/2022\/07\/sl2-1024x576.jpg 1024w, https:\/\/www.yourpantry.com.br\/coworking\/wp-content\/uploads\/sites\/3\/2022\/07\/sl2-768x432.jpg 768w\" sizes=\"(max-width: 1200px) 100vw, 1200px\" \/><\/figure>\n\n\n\n<figure class=\"wp-block-image size-large\"><img loading=\"lazy\" width=\"1200\" height=\"675\" data-id=\"12\"  src=\"http:\/\/www.yourpantry.com.br\/coworking\/wp-content\/uploads\/sites\/3\/2022\/07\/sl1.jpg\" alt=\"\" class=\"wp-image-12\" srcset=\"https:\/\/www.yourpantry.com.br\/coworking\/wp-content\/uploads\/sites\/3\/2022\/07\/sl1.jpg 1200w, https:\/\/www.yourpantry.com.br\/coworking\/wp-content\/uploads\/sites\/3\/2022\/07\/sl1-300x169.jpg 300w, https:\/\/www.yourpantry.com.br\/coworking\/wp-content\/uploads\/sites\/3\/2022\/07\/sl1-1024x576.jpg 1024w, https:\/\/www.yourpantry.com.br\/coworking\/wp-content\/uploads\/sites\/3\/2022\/07\/sl1-768x432.jpg 768w\" sizes=\"(max-width: 1200px) 100vw, 1200px\" \/><\/figure>\n\n\n\n<figure class=\"wp-block-image size-large\"><img loading=\"lazy\" width=\"1200\" height=\"1600\" data-id=\"13\"  src=\"http:\/\/www.yourpantry.com.br\/coworking\/wp-content\/uploads\/sites\/3\/2022\/07\/26f77f31-29f0-4648-9275-fe634d9a92af.jpg\" alt=\"\" class=\"wp-image-13\" srcset=\"https:\/\/www.yourpantry.com.br\/coworking\/wp-content\/uploads\/sites\/3\/2022\/07\/26f77f31-29f0-4648-9275-fe634d9a92af.jpg 1200w, https:\/\/www.yourpantry.com.br\/coworking\/wp-content\/uploads\/sites\/3\/2022\/07\/26f77f31-29f0-4648-9275-fe634d9a92af-225x300.jpg 225w, https:\/\/www.yourpantry.com.br\/coworking\/wp-content\/uploads\/sites\/3\/2022\/07\/26f77f31-29f0-4648-9275-fe634d9a92af-768x1024.jpg 768w, https:\/\/www.yourpantry.com.br\/coworking\/wp-content\/uploads\/sites\/3\/2022\/07\/26f77f31-29f0-4648-9275-fe634d9a92af-1152x1536.jpg 1152w, https:\/\/www.yourpantry.com.br\/coworking\/wp-content\/uploads\/sites\/3\/2022\/07\/26f77f31-29f0-4648-9275-fe634d9a92af-1024x1365.jpg 1024w, https:\/\/www.yourpantry.com.br\/coworking\/wp-content\/uploads\/sites\/3\/2022\/07\/26f77f31-29f0-4648-9275-fe634d9a92af-810x1080.jpg 810w\" sizes=\"(max-width: 1200px) 100vw, 1200px\" \/><\/figure>\n<\/figure>\n\n\n\n<div class=\"wp-container-5 wp-block-columns\">\n<div class=\"wp-container-3 wp-block-column\">\n<div class=\"wp-block-contact-form-7-contact-form-selector\"><div role=\"form\" class=\"wpcf7\" id=\"wpcf7-f49-o1\" lang=\"pt-BR\" dir=\"ltr\">\n<div class=\"screen-reader-response\"><p role=\"status\" aria-live=\"polite\" aria-atomic=\"true\"><\/p> <ul><\/ul><\/div>\n<form action=\"\/coworking\/wp-json\/wp\/v2\/pages\/53#wpcf7-f49-o1\" method=\"post\" class=\"wpcf7-form init\" novalidate=\"novalidate\" data-status=\"init\">\n<div style=\"display: none;\">\n<input type=\"hidden\" name=\"_wpcf7\" value=\"49\" \/>\n<input type=\"hidden\" name=\"_wpcf7_version\" value=\"5.4.2\" \/>\n<input type=\"hidden\" name=\"_wpcf7_locale\" value=\"pt_BR\" \/>\n<input type=\"hidden\" name=\"_wpcf7_unit_tag\" value=\"wpcf7-f49-o1\" \/>\n<input type=\"hidden\" name=\"_wpcf7_container_post\" value=\"0\" \/>\n<input type=\"hidden\" name=\"_wpcf7_posted_data_hash\" value=\"\" \/>\n<input type=\"hidden\" name=\"_wpcf7_recaptcha_response\" value=\"\" \/>\n<\/div>\n<p><label> Seu nome<br \/>\n    <span class=\"wpcf7-form-control-wrap your-name\"><input type=\"text\" name=\"your-name\" value=\"\" size=\"40\" class=\"wpcf7-form-control wpcf7-text wpcf7-validates-as-required\" aria-required=\"true\" aria-invalid=\"false\" \/><\/span> <\/label><\/p>\n<p><label> Seu e-mail<br \/>\n    <span class=\"wpcf7-form-control-wrap your-email\"><input type=\"email\" name=\"your-email\" value=\"\" size=\"40\" class=\"wpcf7-form-control wpcf7-text wpcf7-email wpcf7-validates-as-required wpcf7-validates-as-email\" aria-required=\"true\" aria-invalid=\"false\" \/><\/span> <\/label><\/p>\n<p><label> Assunto<br \/>\n    <span class=\"wpcf7-form-control-wrap your-subject\"><input type=\"text\" name=\"your-subject\" value=\"\" size=\"40\" class=\"wpcf7-form-control wpcf7-text wpcf7-validates-as-required\" aria-required=\"true\" aria-invalid=\"false\" \/><\/span> <\/label><\/p>\n<p><label> Sua mensagem (opcional)<br \/>\n    <span class=\"wpcf7-form-control-wrap your-message\"><textarea name=\"your-message\" cols=\"40\" rows=\"10\" class=\"wpcf7-form-control wpcf7-textarea\" aria-invalid=\"false\"><\/textarea><\/span> <\/label><\/p>\n<p style=\"color: #ffffff;\" ><input type=\"submit\" value=\"Enviar\" class=\"wpcf7-form-control wpcf7-submit wp-block-button__link\" \/><\/p>\n<p style=\"display: none !important;\" class=\"akismet-fields-container\" data-prefix=\"_wpcf7_ak_\"><label>&#916;<textarea name=\"_wpcf7_ak_hp_textarea\" cols=\"45\" rows=\"8\" maxlength=\"100\"><\/textarea><\/label><input type=\"hidden\" id=\"ak_js_1\" name=\"_wpcf7_ak_js\" value=\"26\"\/><script type=\"text\/javascript\">\ndocument.getElementById( \"ak_js_1\" ).setAttribute( \"value\", ( new Date() ).getTime() );\n<\/script>\n<\/p><div class=\"wpcf7-response-output\" aria-hidden=\"true\"><\/div><\/form><\/div><\/div>\n<\/div>\n\n\n\n<div class=\"wp-container-4 wp-block-column\">\n<p><a href=\"https:\/\/api.whatsapp.com\/send?phone=554130336199\">(41) 3033-6199\u00a0<\/a> <\/p>\n\n\n\n<p><a href=\"https:\/\/api.whatsapp.com\/send?phone=554130336199&amp;text=Ol\u00e1%20preciso%20de%20algumas%20informa\u00e7\u00f5es%20sobre%20os%20cowrking\">(41) 3033-6199 <i class=\"fab fa-whatsapp\"><\/i><\/a><\/p>\n<\/div>\n<\/div>\n","protected":false},"excerpt":{"rendered":"<p>(41) 3033-6199\u00a0 (41) 3033-6199<\/p>\n","protected":false},"author":1,"featured_media":0,"parent":0,"menu_order":0,"comment_status":"closed","ping_status":"closed","template":"","meta":{"_mi_skip_tracking":false,"_monsterinsights_sitenote_active":false,"_monsterinsights_sitenote_note":"","_monsterinsights_sitenote_category":0},"_links":{"self":[{"href":"https:\/\/www.yourpantry.com.br\/coworking\/wp-json\/wp\/v2\/pages\/53"}],"collection":[{"href":"https:\/\/www.yourpantry.com.br\/coworking\/wp-json\/wp\/v2\/pages"}],"about":[{"href":"https:\/\/www.yourpantry.com.br\/coworking\/wp-json\/wp\/v2\/types\/page"}],"author":[{"embeddable":true,"href":"https:\/\/www.yourpantry.com.br\/coworking\/wp-json\/wp\/v2\/users\/1"}],"replies":[{"embeddable":true,"href":"https:\/\/www.yourpantry.com.br\/coworking\/wp-json\/wp\/v2\/comments?post=53"}],"version-history":[{"count":1,"href":"https:\/\/www.yourpantry.com.br\/coworking\/wp-json\/wp\/v2\/pages\/53\/revisions"}],"predecessor-version":[{"id":55,"href":"https:\/\/www.yourpantry.com.br\/coworking\/wp-json\/wp\/v2\/pages\/53\/revisions\/55"}],"wp:attachment":[{"href":"https:\/\/www.yourpantry.com.br\/coworking\/wp-json\/wp\/v2\/media?parent=53"}],"curies":[{"name":"wp","href":"https:\/\/api.w.org\/{rel}","templated":true}]}}