{"id":127,"date":"2024-12-26T22:34:40","date_gmt":"2024-12-27T00:34:40","guid":{"rendered":"http:\/\/www.yourpantry.com.br\/yourdoc\/?page_id=127"},"modified":"2024-12-26T22:48:51","modified_gmt":"2024-12-27T00:48:51","slug":"melhor-organizacao","status":"publish","type":"page","link":"https:\/\/www.yourpantry.com.br\/yourdoc\/melhor-organizacao\/","title":{"rendered":"Melhor organiza\u00e7\u00e3o"},"content":{"rendered":"\n<p>\u00c9 poss\u00edvel criar categorias, inserir metadados e estabelecer fluxos de trabalho que facilitam o controle e a recupera\u00e7\u00e3o r\u00e1pida dos arquivos.<\/p>\n\n\n\n<div class=\"wp-container-3 wp-block-columns\">\n<div class=\"wp-container-1 wp-block-column\" style=\"flex-basis:66.66%\">\n<p><strong>Facilidade de Busca<\/strong>: Arquivos digitais podem ser localizados rapidamente usando ferramentas de busca, economizando tempo e evitando a frustra\u00e7\u00e3o de procurar documentos f\u00edsicos.<\/p>\n\n\n\n<p><strong>Classifica\u00e7\u00e3o Autom\u00e1tica<\/strong>: Softwares de gerenciamento de documentos permitem classificar automaticamente arquivos digitais por categorias, data, relev\u00e2ncia, etc., melhorando a organiza\u00e7\u00e3o e o acesso.<\/p>\n\n\n\n<p><strong>Acessibilidade Remota<\/strong>: Arquivos digitais podem ser acessados de qualquer lugar com uma conex\u00e3o \u00e0 internet, facilitando o trabalho remoto e a colabora\u00e7\u00e3o.<\/p>\n\n\n\n<p><strong>Redu\u00e7\u00e3o de Espa\u00e7o F\u00edsico<\/strong>: Manter arquivos em formato digital elimina a necessidade de grandes espa\u00e7os de armazenamento f\u00edsico, como arm\u00e1rios de arquivo e estantes.<\/p>\n\n\n\n<p><strong>Versionamento e Hist\u00f3rico<\/strong>: \u00c9 mais f\u00e1cil manter e acessar diferentes vers\u00f5es de um documento digital, garantindo que as altera\u00e7\u00f5es sejam documentadas e rastre\u00e1veis<\/p>\n<\/div>\n\n\n\n<div class=\"wp-container-2 wp-block-column\" style=\"flex-basis:33.33%\">\n<figure class=\"wp-block-image size-medium\"><img loading=\"lazy\" width=\"300\" height=\"225\" src=\"http:\/\/www.yourpantry.com.br\/yourdoc\/wp-content\/uploads\/sites\/4\/2024\/12\/organizado-300x225.jpg\" alt=\"\" class=\"wp-image-128\" srcset=\"https:\/\/www.yourpantry.com.br\/yourdoc\/wp-content\/uploads\/sites\/4\/2024\/12\/organizado-300x225.jpg 300w, https:\/\/www.yourpantry.com.br\/yourdoc\/wp-content\/uploads\/sites\/4\/2024\/12\/organizado-768x576.jpg 768w, https:\/\/www.yourpantry.com.br\/yourdoc\/wp-content\/uploads\/sites\/4\/2024\/12\/organizado.jpg 900w\" sizes=\"(max-width: 300px) 100vw, 300px\" \/><\/figure>\n<\/div>\n<\/div>\n","protected":false},"excerpt":{"rendered":"<p>\u00c9 poss\u00edvel criar categorias, inserir metadados e estabelecer fluxos de trabalho que facilitam o controle e a recupera\u00e7\u00e3o r\u00e1pida dos arquivos. Facilidade de Busca: Arquivos digitais podem ser localizados rapidamente usando ferramentas de busca, economizando tempo e evitando a frustra\u00e7\u00e3o de procurar documentos f\u00edsicos. Classifica\u00e7\u00e3o Autom\u00e1tica: Softwares de gerenciamento de documentos permitem classificar automaticamente arquivos&hellip; <br \/> <a class=\"button small blue\" href=\"https:\/\/www.yourpantry.com.br\/yourdoc\/melhor-organizacao\/\">Leia mais<\/a><\/p>\n","protected":false},"author":1,"featured_media":0,"parent":0,"menu_order":0,"comment_status":"closed","ping_status":"closed","template":"","meta":{"_mi_skip_tracking":false,"_monsterinsights_sitenote_active":false,"_monsterinsights_sitenote_note":"","_monsterinsights_sitenote_category":0},"_links":{"self":[{"href":"https:\/\/www.yourpantry.com.br\/yourdoc\/wp-json\/wp\/v2\/pages\/127"}],"collection":[{"href":"https:\/\/www.yourpantry.com.br\/yourdoc\/wp-json\/wp\/v2\/pages"}],"about":[{"href":"https:\/\/www.yourpantry.com.br\/yourdoc\/wp-json\/wp\/v2\/types\/page"}],"author":[{"embeddable":true,"href":"https:\/\/www.yourpantry.com.br\/yourdoc\/wp-json\/wp\/v2\/users\/1"}],"replies":[{"embeddable":true,"href":"https:\/\/www.yourpantry.com.br\/yourdoc\/wp-json\/wp\/v2\/comments?post=127"}],"version-history":[{"count":3,"href":"https:\/\/www.yourpantry.com.br\/yourdoc\/wp-json\/wp\/v2\/pages\/127\/revisions"}],"predecessor-version":[{"id":144,"href":"https:\/\/www.yourpantry.com.br\/yourdoc\/wp-json\/wp\/v2\/pages\/127\/revisions\/144"}],"wp:attachment":[{"href":"https:\/\/www.yourpantry.com.br\/yourdoc\/wp-json\/wp\/v2\/media?parent=127"}],"curies":[{"name":"wp","href":"https:\/\/api.w.org\/{rel}","templated":true}]}}