{"id":154,"date":"2024-12-26T23:06:11","date_gmt":"2024-12-27T01:06:11","guid":{"rendered":"http:\/\/www.yourpantry.com.br\/yourdoc\/?page_id=154"},"modified":"2024-12-26T23:06:11","modified_gmt":"2024-12-27T01:06:11","slug":"preservacao","status":"publish","type":"page","link":"https:\/\/www.yourpantry.com.br\/yourdoc\/preservacao\/","title":{"rendered":"Preserva\u00e7\u00e3o\u00a0"},"content":{"rendered":"\n<h2>Preserva\u00e7\u00e3o por longos per\u00edodos<\/h2>\n\n\n\n<div class=\"wp-container-3 wp-block-columns\">\n<div class=\"wp-container-1 wp-block-column\">\n<p>\u00a0A digitaliza\u00e7\u00e3o facilita a preserva\u00e7\u00e3o e a reten\u00e7\u00e3o de documentos por longos per\u00edodos para atender \u00e0s legisla\u00e7\u00f5es vigentes, garantindo que os registros estejam sempre dispon\u00edveis conforme as exig\u00eancias legais.<\/p>\n<\/div>\n\n\n\n<div class=\"wp-container-2 wp-block-column\">\n<figure class=\"wp-block-image size-medium\"><img loading=\"lazy\" width=\"300\" height=\"300\" src=\"http:\/\/www.yourpantry.com.br\/yourdoc\/wp-content\/uploads\/sites\/4\/2024\/12\/digita-storage-300x300.jpg\" alt=\"\" class=\"wp-image-155\" srcset=\"https:\/\/www.yourpantry.com.br\/yourdoc\/wp-content\/uploads\/sites\/4\/2024\/12\/digita-storage-300x300.jpg 300w, https:\/\/www.yourpantry.com.br\/yourdoc\/wp-content\/uploads\/sites\/4\/2024\/12\/digita-storage-150x150.jpg 150w, https:\/\/www.yourpantry.com.br\/yourdoc\/wp-content\/uploads\/sites\/4\/2024\/12\/digita-storage.jpg 709w\" sizes=\"(max-width: 300px) 100vw, 300px\" \/><\/figure>\n<\/div>\n<\/div>\n\n\n\n<p><\/p>\n","protected":false},"excerpt":{"rendered":"<p>Preserva\u00e7\u00e3o por longos per\u00edodos \u00a0A digitaliza\u00e7\u00e3o facilita a preserva\u00e7\u00e3o e a reten\u00e7\u00e3o de documentos por longos per\u00edodos para atender \u00e0s legisla\u00e7\u00f5es vigentes, garantindo que os registros estejam sempre dispon\u00edveis conforme as exig\u00eancias legais.<\/p>\n","protected":false},"author":1,"featured_media":0,"parent":0,"menu_order":0,"comment_status":"closed","ping_status":"closed","template":"","meta":{"_mi_skip_tracking":false,"_monsterinsights_sitenote_active":false,"_monsterinsights_sitenote_note":"","_monsterinsights_sitenote_category":0},"_links":{"self":[{"href":"https:\/\/www.yourpantry.com.br\/yourdoc\/wp-json\/wp\/v2\/pages\/154"}],"collection":[{"href":"https:\/\/www.yourpantry.com.br\/yourdoc\/wp-json\/wp\/v2\/pages"}],"about":[{"href":"https:\/\/www.yourpantry.com.br\/yourdoc\/wp-json\/wp\/v2\/types\/page"}],"author":[{"embeddable":true,"href":"https:\/\/www.yourpantry.com.br\/yourdoc\/wp-json\/wp\/v2\/users\/1"}],"replies":[{"embeddable":true,"href":"https:\/\/www.yourpantry.com.br\/yourdoc\/wp-json\/wp\/v2\/comments?post=154"}],"version-history":[{"count":1,"href":"https:\/\/www.yourpantry.com.br\/yourdoc\/wp-json\/wp\/v2\/pages\/154\/revisions"}],"predecessor-version":[{"id":156,"href":"https:\/\/www.yourpantry.com.br\/yourdoc\/wp-json\/wp\/v2\/pages\/154\/revisions\/156"}],"wp:attachment":[{"href":"https:\/\/www.yourpantry.com.br\/yourdoc\/wp-json\/wp\/v2\/media?parent=154"}],"curies":[{"name":"wp","href":"https:\/\/api.w.org\/{rel}","templated":true}]}}