{"id":167,"date":"2024-12-26T23:12:39","date_gmt":"2024-12-27T01:12:39","guid":{"rendered":"http:\/\/www.yourpantry.com.br\/yourdoc\/?page_id=167"},"modified":"2024-12-26T23:12:39","modified_gmt":"2024-12-27T01:12:39","slug":"quem-somos","status":"publish","type":"page","link":"https:\/\/www.yourpantry.com.br\/yourdoc\/quem-somos\/","title":{"rendered":"Quem Somos"},"content":{"rendered":"\n<p>Somos um servi\u00e7o especializado em Digitaliza\u00e7\u00e3o de Documentos, oferecemos solu\u00e7\u00f5es completas para transformar arquivos f\u00edsicos em formatos digitais de maneira r\u00e1pida, segura e organizada. Atendemos tanto empresas quanto pessoas f\u00edsicas,<\/p>\n\n\n\n<p>Garantia de todo o processo, desde a prepara\u00e7\u00e3o dos documentos at\u00e9 a entrega final, seja realizado com a m\u00e1xima qualidade e sigilo.<\/p>\n\n\n\n<p>Com a YourDoc, oferecemos servi\u00e7os de Digitaliza\u00e7\u00e3o de folhas soltas, encadernados e fotos, com solu\u00e7\u00f5es \u00e1geis e organizadas.<\/p>\n\n\n\n<p>Nosso objetivo \u00e9 simplificar a gest\u00e3o de documentos, garantindo a convers\u00e3o para o formato digital de maneira eficiente e segura, tornando seus arquivos facilmente acess\u00edveis e prontos para consulta a qualquer momento. Priorizamos a qualidade e seguran\u00e7a em cada etapa do processo, com foco em oferecer servi\u00e7os de alta confiabilidade a pre\u00e7os competitivos.<\/p>\n\n\n\n<p><strong>Benef\u00edcios:<\/strong><\/p>\n\n\n\n<p>A digitaliza\u00e7\u00e3o de documentos oferece uma gama de vantagens que v\u00e3o muito al\u00e9m da simples convers\u00e3o de pap\u00e9is em arquivos eletr\u00f4nicos. Ela traz melhorias significativas em efici\u00eancia, acessibilidade, seguran\u00e7a e organiza\u00e7\u00e3o, permitindo que empresas e indiv\u00edduos gerenciem seus arquivos de maneira mais inteligente e \u00e1gil. Ao optar por esse processo, \u00e9 poss\u00edvel transformar o modo como informa\u00e7\u00f5es s\u00e3o armazenadas e acessadas, proporcionando n\u00e3o s\u00f3 economia de espa\u00e7o, mas tamb\u00e9m maior controle sobre dados importantes. Confira abaixo os principais benef\u00edcios que tornam essa solu\u00e7\u00e3o indispens\u00e1vel.<\/p>\n\n\n\n<hr class=\"wp-block-separator has-alpha-channel-opacity is-style-wide\"\/>\n\n\n\n<div class=\"wp-block-contact-form-7-contact-form-selector\">[contact-form-7 404 \"N\u00e3o encontrado\"]<\/div>\n","protected":false},"excerpt":{"rendered":"<p>Somos um servi\u00e7o especializado em Digitaliza\u00e7\u00e3o de Documentos, oferecemos solu\u00e7\u00f5es completas para transformar arquivos f\u00edsicos em formatos digitais de maneira r\u00e1pida, segura e organizada. Atendemos tanto empresas quanto pessoas f\u00edsicas, Garantia de todo o processo, desde a prepara\u00e7\u00e3o dos documentos at\u00e9 a entrega final, seja realizado com a m\u00e1xima qualidade e sigilo. Com a YourDoc,&hellip; <br \/> <a class=\"button small blue\" href=\"https:\/\/www.yourpantry.com.br\/yourdoc\/quem-somos\/\">Leia mais<\/a><\/p>\n","protected":false},"author":1,"featured_media":0,"parent":0,"menu_order":0,"comment_status":"closed","ping_status":"closed","template":"","meta":{"_mi_skip_tracking":false,"_monsterinsights_sitenote_active":false,"_monsterinsights_sitenote_note":"","_monsterinsights_sitenote_category":0},"_links":{"self":[{"href":"https:\/\/www.yourpantry.com.br\/yourdoc\/wp-json\/wp\/v2\/pages\/167"}],"collection":[{"href":"https:\/\/www.yourpantry.com.br\/yourdoc\/wp-json\/wp\/v2\/pages"}],"about":[{"href":"https:\/\/www.yourpantry.com.br\/yourdoc\/wp-json\/wp\/v2\/types\/page"}],"author":[{"embeddable":true,"href":"https:\/\/www.yourpantry.com.br\/yourdoc\/wp-json\/wp\/v2\/users\/1"}],"replies":[{"embeddable":true,"href":"https:\/\/www.yourpantry.com.br\/yourdoc\/wp-json\/wp\/v2\/comments?post=167"}],"version-history":[{"count":1,"href":"https:\/\/www.yourpantry.com.br\/yourdoc\/wp-json\/wp\/v2\/pages\/167\/revisions"}],"predecessor-version":[{"id":168,"href":"https:\/\/www.yourpantry.com.br\/yourdoc\/wp-json\/wp\/v2\/pages\/167\/revisions\/168"}],"wp:attachment":[{"href":"https:\/\/www.yourpantry.com.br\/yourdoc\/wp-json\/wp\/v2\/media?parent=167"}],"curies":[{"name":"wp","href":"https:\/\/api.w.org\/{rel}","templated":true}]}}