{"id":32,"date":"2024-12-23T15:25:40","date_gmt":"2024-12-23T17:25:40","guid":{"rendered":"http:\/\/www.yourpantry.com.br\/yourdoc\/?page_id=32"},"modified":"2024-12-23T21:17:37","modified_gmt":"2024-12-23T23:17:37","slug":"vantagens-da-digitalizacao","status":"publish","type":"page","link":"https:\/\/www.yourpantry.com.br\/yourdoc\/vantagens-da-digitalizacao\/","title":{"rendered":"Vantagens da Digitaliza\u00e7\u00e3o"},"content":{"rendered":"\n<div class=\"wp-container-3 wp-block-columns\">\n<div class=\"wp-container-1 wp-block-column\" style=\"flex-basis:66.66%\">\n<p><strong>Redu\u00e7\u00e3o de Espa\u00e7o F\u00edsico<\/strong>: A digitaliza\u00e7\u00e3o elimina a necessidade de armazenar grandes quantidades de documentos f\u00edsicos, liberando espa\u00e7o valioso.<\/p>\n\n\n\n<p><strong>Facilidade de Acesso e Compartilhamento<\/strong>: Documentos digitais podem ser acessados de qualquer lugar e compartilhados facilmente, melhorando a colabora\u00e7\u00e3o e a efici\u00eancia.<\/p>\n\n\n\n<p><strong>Sustentabilidade Ambiental<\/strong>: Reduz o uso de papel, contribuindo para a preserva\u00e7\u00e3o ambiental.<\/p>\n<\/div>\n\n\n\n<div class=\"wp-container-2 wp-block-column\" style=\"flex-basis:33.33%\">\n<figure class=\"wp-block-image size-large is-resized\"><img loading=\"lazy\" src=\"http:\/\/www.yourpantry.com.br\/yourdoc\/wp-content\/uploads\/sites\/4\/2024\/12\/computer-1867741_1280-1024x682.jpg\" alt=\"\" class=\"wp-image-36\" width=\"203\" height=\"135\" srcset=\"https:\/\/www.yourpantry.com.br\/yourdoc\/wp-content\/uploads\/sites\/4\/2024\/12\/computer-1867741_1280-1024x682.jpg 1024w, https:\/\/www.yourpantry.com.br\/yourdoc\/wp-content\/uploads\/sites\/4\/2024\/12\/computer-1867741_1280-300x200.jpg 300w, https:\/\/www.yourpantry.com.br\/yourdoc\/wp-content\/uploads\/sites\/4\/2024\/12\/computer-1867741_1280-768x512.jpg 768w, https:\/\/www.yourpantry.com.br\/yourdoc\/wp-content\/uploads\/sites\/4\/2024\/12\/computer-1867741_1280.jpg 1280w\" sizes=\"(max-width: 203px) 100vw, 203px\" \/><\/figure>\n<\/div>\n<\/div>\n\n\n\n<div class=\"wp-container-6 wp-block-columns\">\n<div class=\"wp-container-4 wp-block-column\" style=\"flex-basis:33.33%\">\n<figure class=\"wp-block-image size-large\"><img loading=\"lazy\" width=\"1024\" height=\"683\" src=\"http:\/\/www.yourpantry.com.br\/yourdoc\/wp-content\/uploads\/sites\/4\/2024\/12\/Digitalizar-documentos-1024x683.jpg\" alt=\"\" class=\"wp-image-41\" srcset=\"https:\/\/www.yourpantry.com.br\/yourdoc\/wp-content\/uploads\/sites\/4\/2024\/12\/Digitalizar-documentos-1024x683.jpg 1024w, https:\/\/www.yourpantry.com.br\/yourdoc\/wp-content\/uploads\/sites\/4\/2024\/12\/Digitalizar-documentos-300x200.jpg 300w, https:\/\/www.yourpantry.com.br\/yourdoc\/wp-content\/uploads\/sites\/4\/2024\/12\/Digitalizar-documentos-768x512.jpg 768w, https:\/\/www.yourpantry.com.br\/yourdoc\/wp-content\/uploads\/sites\/4\/2024\/12\/Digitalizar-documentos.jpg 1080w\" sizes=\"(max-width: 1024px) 100vw, 1024px\" \/><figcaption>Design sem nome &#8211; 1<\/figcaption><\/figure>\n<\/div>\n\n\n\n<div class=\"wp-container-5 wp-block-column\" style=\"flex-basis:66.66%\">\n<p><strong>Seguran\u00e7a Melhorada<\/strong>: Documentos digitais podem ser protegidos com criptografia e senhas, garantindo que apenas usu\u00e1rios autorizados possam acess\u00e1-los.<\/p>\n\n\n\n<p><strong>Melhoria na Recupera\u00e7\u00e3o de Desastres<\/strong>: Documentos digitais podem ser facilmente copiados e armazenados em locais remotos, protegendo contra perdas causadas por desastres naturais.<\/p>\n\n\n\n<p><strong>Conformidade e Auditoria<\/strong>: Facilita a conformidade com regulamentos e auditorias, pois os documentos podem ser organizados e acessados rapidamente.<\/p>\n<\/div>\n<\/div>\n\n\n\n<div class=\"wp-container-9 wp-block-columns\">\n<div class=\"wp-container-7 wp-block-column\">\n<p><strong>Redu\u00e7\u00e3o de Desordem<\/strong>: Menos papel significa menos desordem no escrit\u00f3rio, o que pode aumentar a produtividade.<\/p>\n<\/div>\n\n\n\n<div class=\"wp-container-8 wp-block-column\">\n<p><strong>Economia de Tempo<\/strong>: A pesquisa mostra que pode levar menos tempo para encontrar um arquivo digital do que um f\u00edsico<\/p>\n<\/div>\n<\/div>\n\n\n\n<hr class=\"wp-block-separator has-text-color has-luminous-vivid-orange-color has-alpha-channel-opacity has-luminous-vivid-orange-background-color has-background is-style-wide\"\/>\n\n\n\n<h2>Pe\u00e7a j\u00e1 uma cota\u00e7\u00e3o<\/h2>\n\n\n\n<div class=\"wp-container-12 wp-block-columns\">\n<div class=\"wp-container-10 wp-block-column\" style=\"flex-basis:66.66%\"><div role=\"form\" class=\"wpcf7\" id=\"wpcf7-f25-o1\" lang=\"pt-BR\" dir=\"ltr\">\n<div class=\"screen-reader-response\"><p role=\"status\" aria-live=\"polite\" aria-atomic=\"true\"><\/p> <ul><\/ul><\/div>\n<form action=\"\/yourdoc\/wp-json\/wp\/v2\/pages\/32#wpcf7-f25-o1\" method=\"post\" class=\"wpcf7-form init\" novalidate=\"novalidate\" data-status=\"init\">\n<div style=\"display: none;\">\n<input type=\"hidden\" name=\"_wpcf7\" value=\"25\" \/>\n<input type=\"hidden\" name=\"_wpcf7_version\" value=\"5.4.2\" \/>\n<input type=\"hidden\" name=\"_wpcf7_locale\" value=\"pt_BR\" \/>\n<input type=\"hidden\" name=\"_wpcf7_unit_tag\" value=\"wpcf7-f25-o1\" \/>\n<input type=\"hidden\" name=\"_wpcf7_container_post\" value=\"0\" \/>\n<input type=\"hidden\" name=\"_wpcf7_posted_data_hash\" value=\"\" \/>\n<\/div>\n<div class=\"clearfix\"> <\/div>\n<p><label><span class=\"wpcf7-form-control-wrap your-name\"><input type=\"text\" name=\"your-name\" value=\"Nome\" size=\"40\" class=\"wpcf7-form-control wpcf7-text\" aria-invalid=\"false\" \/><\/span> <\/label><br \/>\n<label><span class=\"wpcf7-form-control-wrap your-email\"><input type=\"email\" name=\"your-email\" value=\"e-mail\" size=\"40\" class=\"wpcf7-form-control wpcf7-text wpcf7-email wpcf7-validates-as-email\" aria-invalid=\"false\" \/><\/span><\/label><br \/>\n<label><span class=\"wpcf7-form-control-wrap tel-230\"><input type=\"tel\" name=\"tel-230\" value=\"Telefone\" size=\"40\" class=\"wpcf7-form-control wpcf7-text wpcf7-tel wpcf7-validates-as-required wpcf7-validates-as-tel\" aria-required=\"true\" aria-invalid=\"false\" \/><\/span><\/label><br \/>\n<label> Quais os tipos de documentos a serem digitalizados:<br \/>\n<span class=\"wpcf7-form-control-wrap checkbox-50\"><span class=\"wpcf7-form-control wpcf7-checkbox\"><span class=\"wpcf7-list-item first\"><label><input type=\"checkbox\" name=\"checkbox-50[]\" value=\"Documentos Pessoais (RG, CPF, CNH.)\" \/><span class=\"wpcf7-list-item-label\">Documentos Pessoais (RG, CPF, CNH.)<\/span><\/label><\/span><span class=\"wpcf7-list-item\"><label><input type=\"checkbox\" name=\"checkbox-50[]\" value=\"Documentos Comerciais (contratos, notas fiscais.)\" \/><span class=\"wpcf7-list-item-label\">Documentos Comerciais (contratos, notas fiscais.)<\/span><\/label><\/span><span class=\"wpcf7-list-item last\"><label><input type=\"checkbox\" name=\"checkbox-50[]\" value=\"Documentos M\u00e9dicos (prontu\u00e1rios, exames.)\" \/><span class=\"wpcf7-list-item-label\">Documentos M\u00e9dicos (prontu\u00e1rios, exames.)<\/span><\/label><\/span><\/span><\/span><\/label><\/p>\n<div class=\"clearfix\"> <\/div>\n<p><label><\/p>\n<p style=\"float:left; width: 15ch; padding: 0.61728rem 0.61728rem 0.61728rem 0; margin-bottom: 0.61728rem; \">\n<span class=\"wpcf7-form-control-wrap checkbox-24\"><span class=\"wpcf7-form-control wpcf7-checkbox\"><span class=\"wpcf7-list-item first last\"><input type=\"checkbox\" name=\"checkbox-24[]\" value=\"Outros\" \/><span class=\"wpcf7-list-item-label\">Outros<\/span><\/span><\/span><\/span> <\/p>\n<p style=\"float:left; width:70%; \"> <span class=\"wpcf7-form-control-wrap text-416\"><input type=\"text\" name=\"text-416\" value=\"\" size=\"40\" class=\"wpcf7-form-control wpcf7-text\" aria-invalid=\"false\" \/><\/span> <\/p>\n<p><\/label><\/p>\n<div class=\"clearfix\"> <\/div>\n<p><label> Quantidade aproximada de documentos: <span class=\"wpcf7-form-control-wrap number-478\"><input type=\"number\" name=\"number-478\" value=\"\" class=\"wpcf7-form-control wpcf7-number wpcf7-validates-as-number\" aria-invalid=\"false\" \/><\/span> <span class=\"wpcf7-form-control-wrap menu-505\"><select name=\"menu-505\" class=\"wpcf7-form-control wpcf7-select\" aria-invalid=\"false\"><option value=\"Folhas\">Folhas<\/option><option value=\"Pastas\">Pastas<\/option><option value=\"Caixas\">Caixas<\/option><option value=\"Pastas Suspensas\">Pastas Suspensas<\/option><\/select><\/span> <\/label><br \/>\n<label> Qual o formato de arquivo desejado:<br \/>\n<span class=\"wpcf7-form-control-wrap checkbox-718\"><span class=\"wpcf7-form-control wpcf7-checkbox\"><span class=\"wpcf7-list-item first\"><label><input type=\"checkbox\" name=\"checkbox-718[]\" value=\"PDF\" \/><span class=\"wpcf7-list-item-label\">PDF<\/span><\/label><\/span><span class=\"wpcf7-list-item\"><label><input type=\"checkbox\" name=\"checkbox-718[]\" value=\"JPEG\" \/><span class=\"wpcf7-list-item-label\">JPEG<\/span><\/label><\/span><span class=\"wpcf7-list-item\"><label><input type=\"checkbox\" name=\"checkbox-718[]\" value=\"PNG\" \/><span class=\"wpcf7-list-item-label\">PNG<\/span><\/label><\/span><span class=\"wpcf7-list-item\"><label><input type=\"checkbox\" name=\"checkbox-718[]\" value=\"N\u00e3o sei\" \/><span class=\"wpcf7-list-item-label\">N\u00e3o sei<\/span><\/label><\/span><span class=\"wpcf7-list-item last\"><label><input type=\"checkbox\" name=\"checkbox-718[]\" value=\"Outro\" \/><span class=\"wpcf7-list-item-label\">Outro<\/span><\/label><\/span><\/span><\/span><\/label><br \/>\n<label>Destino dos Arquivos Digitalizados <span class=\"wpcf7-form-control-wrap menu-644\"><select name=\"menu-644\" class=\"wpcf7-form-control wpcf7-select\" aria-invalid=\"false\"><option value=\"Plataforma Your Doc\u00b4s\">Plataforma Your Doc\u00b4s<\/option><option value=\"E-mail\">E-mail<\/option><option value=\"Outras\">Outras<\/option><\/select><\/span><\/label><br \/>\n<label> Prazo Desejado <span class=\"wpcf7-form-control-wrap menu-644\"><select name=\"menu-644\" class=\"wpcf7-form-control wpcf7-select\" aria-invalid=\"false\"><option value=\"\"><\/option><option value=\"Para ontem\">Para ontem<\/option><option value=\"Pr\u00f3ximos dias\">Pr\u00f3ximos dias<\/option><option value=\"Pr\u00f3ximas semanas\">Pr\u00f3ximas semanas<\/option><option value=\"M\u00eas que vem\">M\u00eas que vem<\/option><option value=\"N\u00e3o sei\">N\u00e3o sei<\/option><\/select><\/span><\/label><br \/>\n<label><span class=\"wpcf7-form-control-wrap checkbox-718\"><span class=\"wpcf7-form-control wpcf7-checkbox\"><span class=\"wpcf7-list-item first\"><label><input type=\"checkbox\" name=\"checkbox-718[]\" value=\"Reacomoda\u00e7\u00e3o de arquivos f\u00edsicos\" \/><span class=\"wpcf7-list-item-label\">Reacomoda\u00e7\u00e3o de arquivos f\u00edsicos<\/span><\/label><\/span><span class=\"wpcf7-list-item last\"><label><input type=\"checkbox\" name=\"checkbox-718[]\" value=\"Descarte seguro\" \/><span class=\"wpcf7-list-item-label\">Descarte seguro<\/span><\/label><\/span><\/span><\/span><\/label><br \/>\n<label>Observa\u00e7\u00f5es <span class=\"wpcf7-form-control-wrap textarea-225\"><textarea name=\"textarea-225\" cols=\"40\" rows=\"10\" class=\"wpcf7-form-control wpcf7-textarea\" aria-invalid=\"false\"><\/textarea><\/span><\/label><br \/>\n<label>\n<p style=\"color: #ffffff;\" ><input type=\"submit\" value=\"Cotar\" class=\"wpcf7-form-control wpcf7-submit wp-block-button__link\" \/><\/p>\n<p><\/label><\/p>\n<p style=\"display: none !important;\" class=\"akismet-fields-container\" data-prefix=\"_wpcf7_ak_\"><label>&#916;<textarea name=\"_wpcf7_ak_hp_textarea\" cols=\"45\" rows=\"8\" maxlength=\"100\"><\/textarea><\/label><input type=\"hidden\" id=\"ak_js_1\" name=\"_wpcf7_ak_js\" value=\"68\"\/><script type=\"text\/javascript\">\ndocument.getElementById( \"ak_js_1\" ).setAttribute( \"value\", ( new Date() ).getTime() );\n<\/script>\n<\/p><div class=\"wpcf7-response-output\" aria-hidden=\"true\"><\/div><\/form><\/div>\n<\/div>\n\n\n\n<div class=\"wp-container-11 wp-block-column\" style=\"flex-basis:33.33%\">\n<p>Se n\u00e3o tiver todos os dados n\u00e3o t\u00eam problema. Informe o que voc\u00ea sabe e manteremos contato.<\/p>\n<\/div>\n<\/div>\n","protected":false},"excerpt":{"rendered":"<p>Redu\u00e7\u00e3o de Espa\u00e7o F\u00edsico: A digitaliza\u00e7\u00e3o elimina a necessidade de armazenar grandes quantidades de documentos f\u00edsicos, liberando espa\u00e7o valioso. Facilidade de Acesso e Compartilhamento: Documentos digitais podem ser acessados de qualquer lugar e compartilhados facilmente, melhorando a colabora\u00e7\u00e3o e a efici\u00eancia. Sustentabilidade Ambiental: Reduz o uso de papel, contribuindo para a preserva\u00e7\u00e3o ambiental. Seguran\u00e7a Melhorada:&hellip; <br \/> <a class=\"button small blue\" href=\"https:\/\/www.yourpantry.com.br\/yourdoc\/vantagens-da-digitalizacao\/\">Leia mais<\/a><\/p>\n","protected":false},"author":1,"featured_media":41,"parent":0,"menu_order":0,"comment_status":"closed","ping_status":"closed","template":"","meta":{"_mi_skip_tracking":false,"_monsterinsights_sitenote_active":false,"_monsterinsights_sitenote_note":"","_monsterinsights_sitenote_category":0},"_links":{"self":[{"href":"https:\/\/www.yourpantry.com.br\/yourdoc\/wp-json\/wp\/v2\/pages\/32"}],"collection":[{"href":"https:\/\/www.yourpantry.com.br\/yourdoc\/wp-json\/wp\/v2\/pages"}],"about":[{"href":"https:\/\/www.yourpantry.com.br\/yourdoc\/wp-json\/wp\/v2\/types\/page"}],"author":[{"embeddable":true,"href":"https:\/\/www.yourpantry.com.br\/yourdoc\/wp-json\/wp\/v2\/users\/1"}],"replies":[{"embeddable":true,"href":"https:\/\/www.yourpantry.com.br\/yourdoc\/wp-json\/wp\/v2\/comments?post=32"}],"version-history":[{"count":7,"href":"https:\/\/www.yourpantry.com.br\/yourdoc\/wp-json\/wp\/v2\/pages\/32\/revisions"}],"predecessor-version":[{"id":123,"href":"https:\/\/www.yourpantry.com.br\/yourdoc\/wp-json\/wp\/v2\/pages\/32\/revisions\/123"}],"wp:featuredmedia":[{"embeddable":true,"href":"https:\/\/www.yourpantry.com.br\/yourdoc\/wp-json\/wp\/v2\/media\/41"}],"wp:attachment":[{"href":"https:\/\/www.yourpantry.com.br\/yourdoc\/wp-json\/wp\/v2\/media?parent=32"}],"curies":[{"name":"wp","href":"https:\/\/api.w.org\/{rel}","templated":true}]}}